{"id":3080,"date":"2022-01-24T10:54:20","date_gmt":"2022-01-24T10:54:20","guid":{"rendered":"https:\/\/www.niunapalabraanadie.com\/avantis\/musica\/"},"modified":"2024-07-05T11:22:01","modified_gmt":"2024-07-05T09:22:01","slug":"musica","status":"publish","type":"page","link":"https:\/\/avantis.edu.es\/es\/musica\/","title":{"rendered":"M\u00fasica"},"content":{"rendered":"\t\t<div data-elementor-type=\"wp-page\" data-elementor-id=\"3080\" class=\"elementor elementor-3080 elementor-850\" data-elementor-post-type=\"page\">\n\t\t\t\t\t\t<section class=\"elementor-section elementor-top-section elementor-element elementor-element-7b8aced elementor-section-full_width elementor-section-height-default elementor-section-height-default\" data-id=\"7b8aced\" data-element_type=\"section\">\n\t\t\t\t\t\t<div class=\"elementor-container elementor-column-gap-no\">\n\t\t\t\t\t<div class=\"elementor-column elementor-col-100 elementor-top-column elementor-element elementor-element-12b2130\" data-id=\"12b2130\" data-element_type=\"column\">\n\t\t\t<div class=\"elementor-widget-wrap elementor-element-populated\">\n\t\t\t\t\t\t<div class=\"elementor-element elementor-element-7de9915 elementor--h-position-center elementor--v-position-middle elementor-widget elementor-widget-slides\" data-id=\"7de9915\" data-element_type=\"widget\" data-settings=\"{&quot;navigation&quot;:&quot;none&quot;,&quot;transition&quot;:&quot;slide&quot;,&quot;transition_speed&quot;:500}\" data-widget_type=\"slides.default\">\n\t\t\t\t<div class=\"elementor-widget-container\">\n\t\t\t<span id=\"scroll69d4ab4111d40\"  class=\"scrollMagicControl\" type=\"hidden\" effect = {} wpmp_enable_desktop=\"yes\" wpmp_enable_tablet=\"yes\" wpmp_enable_mobile=\"yes\" wpmp_trigger_hook=\"0.5\" wpmp_reverse=\"yes\" wpmp_class_CSS =\"custom\" split-text = {} value=\"scrollmagic\"><\/span>\t\t<div class=\"elementor-swiper\">\n\t\t\t<div class=\"elementor-slides-wrapper elementor-main-swiper swiper\" dir=\"ltr\" data-animation=\"\">\n\t\t\t\t<div class=\"swiper-wrapper elementor-slides\">\n\t\t\t\t\t\t\t\t\t\t<div class=\"elementor-repeater-item-8bc8c26 swiper-slide\"><div class=\"swiper-slide-bg\" role=\"img\"><\/div><div class=\"elementor-background-overlay\"><\/div><div class=\"swiper-slide-inner\" ><div class=\"swiper-slide-contents\"><div class=\"elementor-slide-heading\">M\u00daSICA<\/div><\/div><\/div><\/div>\t\t\t\t<\/div>\n\t\t\t\t\t\t\t<\/div>\n\t\t<\/div>\n\t\t\t\t<\/div>\n\t\t\t\t<\/div>\n\t\t\t\t<div class=\"elementor-element elementor-element-d54c3eb elementor-widget elementor-widget-spacer\" data-id=\"d54c3eb\" data-element_type=\"widget\" data-widget_type=\"spacer.default\">\n\t\t\t\t<div class=\"elementor-widget-container\">\n\t\t\t<span id=\"scroll69d4ab4112124\"  class=\"scrollMagicControl\" type=\"hidden\" effect = {} wpmp_enable_desktop=\"yes\" wpmp_enable_tablet=\"yes\" wpmp_enable_mobile=\"yes\" wpmp_trigger_hook=\"0.5\" wpmp_reverse=\"yes\" wpmp_class_CSS =\"custom\" split-text = {} value=\"scrollmagic\"><\/span>\t\t<div class=\"elementor-spacer\">\n\t\t\t<div class=\"elementor-spacer-inner\"><\/div>\n\t\t<\/div>\n\t\t\t\t<\/div>\n\t\t\t\t<\/div>\n\t\t\t\t<div class=\"elementor-element elementor-element-ed76017 elementor-widget elementor-widget-spacer\" data-id=\"ed76017\" data-element_type=\"widget\" data-widget_type=\"spacer.default\">\n\t\t\t\t<div class=\"elementor-widget-container\">\n\t\t\t<span id=\"scroll69d4ab4112485\"  class=\"scrollMagicControl\" type=\"hidden\" effect = {} wpmp_enable_desktop=\"yes\" wpmp_enable_tablet=\"yes\" wpmp_enable_mobile=\"yes\" wpmp_trigger_hook=\"0.5\" wpmp_reverse=\"yes\" wpmp_class_CSS =\"custom\" split-text = {} value=\"scrollmagic\"><\/span>\t\t<div class=\"elementor-spacer\">\n\t\t\t<div class=\"elementor-spacer-inner\"><\/div>\n\t\t<\/div>\n\t\t\t\t<\/div>\n\t\t\t\t<\/div>\n\t\t\t\t\t<\/div>\n\t\t<\/div>\n\t\t\t\t\t<\/div>\n\t\t<\/section>\n\t\t\t\t<section class=\"elementor-section elementor-top-section elementor-element elementor-element-287e319 elementor-section-boxed elementor-section-height-default elementor-section-height-default\" data-id=\"287e319\" data-element_type=\"section\">\n\t\t\t\t\t\t<div class=\"elementor-container elementor-column-gap-default\">\n\t\t\t\t\t<div class=\"elementor-column elementor-col-100 elementor-top-column elementor-element elementor-element-db61836\" data-id=\"db61836\" data-element_type=\"column\">\n\t\t\t<div class=\"elementor-widget-wrap elementor-element-populated\">\n\t\t\t\t\t\t<div class=\"elementor-element elementor-element-213df3a elementor-widget elementor-widget-text-editor\" data-id=\"213df3a\" data-element_type=\"widget\" data-widget_type=\"text-editor.default\">\n\t\t\t\t<div class=\"elementor-widget-container\">\n\t\t\t<span id=\"scroll69d4ab4112ef9\"  class=\"scrollMagicControl\" type=\"hidden\" effect = {} wpmp_enable_desktop=\"yes\" wpmp_enable_tablet=\"yes\" wpmp_enable_mobile=\"yes\" wpmp_trigger_hook=\"0.5\" wpmp_reverse=\"yes\" wpmp_class_CSS =\"custom\" split-text = {} value=\"scrollmagic\"><\/span>\t\t\t\t<p>En nuestro compromiso por ofrecer una formaci\u00f3n integral, hemos desarrollado un espacio dedicado a la instrucci\u00f3n musical que enriquece el desarrollo cognitivo y emocional de nuestros estudiantes de I-4 e I-5.<\/p><p>Nuestra docente, altamente calificada con formaci\u00f3n en piano y composici\u00f3n, lidera un enfoque pedag\u00f3gico adaptado a las necesidades individuales de cada ni\u00f1o. Este enfoque se basa en la teor\u00eda del desarrollo musical infantil, aplicando estrategias y recursos did\u00e1cticos ajustados al nivel madurativo y cognitivo de los alumnos.<\/p><p>El m\u00e9todo pedag\u00f3gico adoptado en nuestras clases de m\u00fasica se basa en la utilizaci\u00f3n de canciones y materiales did\u00e1cticos espec\u00edficamente seleccionados para cultivar el inter\u00e9s y la comprensi\u00f3n musical en un contexto l\u00fadico y motivador. Estos recursos se ajustan a las etapas de desarrollo sensorial, perceptivo y motor de los ni\u00f1os, facilitando as\u00ed la comprensi\u00f3n y participaci\u00f3n activa en el aprendizaje musical.<\/p><p>Nuestra aula de m\u00fasica est\u00e1 especialmente dise\u00f1ada para fomentar la exploraci\u00f3n sonora y el desarrollo de habilidades musicales. Equipada con instrumentos adaptados a sus capacidades motoras, nuestros alumnos tienen la oportunidad de experimentar con melod\u00edas, ritmos y movimientos, fortaleciendo habilidades cognitivas y sociales mientras se sumergen en el mundo de la m\u00fasica.<\/p><p>En <span style=\"color: #2774b3;\"><a style=\"color: #2774b3;\" href=\"http:\/\/avantis.edu.es\"><span class=\"hiddenSpellError\">Avantis<\/span> <\/a><\/span>comprendemos la importancia de la m\u00fasica en el desarrollo integral de los ni\u00f1os y estamos comprometidos a proporcionar un entorno educativo enriquecedor que fomente el amor por el arte musical y promueva un aprendizaje significativo.<\/p>\t\t\t\t\t\t<\/div>\n\t\t\t\t<\/div>\n\t\t\t\t\t<\/div>\n\t\t<\/div>\n\t\t\t\t\t<\/div>\n\t\t<\/section>\n\t\t\t\t<section class=\"elementor-section elementor-top-section elementor-element elementor-element-851ce18 elementor-section-full_width elementor-section-height-default elementor-section-height-default\" data-id=\"851ce18\" data-element_type=\"section\">\n\t\t\t\t\t\t<div class=\"elementor-container elementor-column-gap-default\">\n\t\t\t\t\t<div class=\"elementor-column elementor-col-100 elementor-top-column elementor-element elementor-element-c40f024\" data-id=\"c40f024\" data-element_type=\"column\">\n\t\t\t<div class=\"elementor-widget-wrap elementor-element-populated\">\n\t\t\t\t\t\t<section class=\"elementor-section elementor-inner-section elementor-element elementor-element-1095be2 elementor-section-content-middle elementor-section-boxed elementor-section-height-default elementor-section-height-default\" data-id=\"1095be2\" data-element_type=\"section\">\n\t\t\t\t\t\t<div class=\"elementor-container elementor-column-gap-default\">\n\t\t\t\t\t<div class=\"elementor-column elementor-col-33 elementor-inner-column elementor-element elementor-element-dda6958\" data-id=\"dda6958\" data-element_type=\"column\" data-settings=\"{&quot;background_background&quot;:&quot;classic&quot;}\">\n\t\t\t<div class=\"elementor-widget-wrap elementor-element-populated\">\n\t\t\t\t\t\t<div class=\"elementor-element elementor-element-8b51ae8 elementor-widget elementor-widget-image\" data-id=\"8b51ae8\" data-element_type=\"widget\" data-widget_type=\"image.default\">\n\t\t\t\t<div class=\"elementor-widget-container\">\n\t\t\t<span id=\"scroll69d4ab41140f1\"  class=\"scrollMagicControl\" type=\"hidden\" effect = {} wpmp_enable_desktop=\"yes\" wpmp_enable_tablet=\"yes\" wpmp_enable_mobile=\"yes\" wpmp_trigger_hook=\"0.5\" wpmp_reverse=\"yes\" wpmp_class_CSS =\"custom\" split-text = {} value=\"scrollmagic\"><\/span>\t\t\t\t\t\t\t\t\t\t\t<a href=\"https:\/\/www.avantis.edu.es\/ca\">\n\t\t\t\t\t\t\t<img decoding=\"async\" width=\"300\" height=\"97\" src=\"https:\/\/avantis.edu.es\/wp-content\/uploads\/2021\/07\/Avantis_logo-300x97.png\" class=\"attachment-medium size-medium wp-image-1982\" alt=\"Logo Avantis\" srcset=\"https:\/\/avantis.edu.es\/wp-content\/uploads\/2021\/07\/Avantis_logo-300x97.png 300w, https:\/\/avantis.edu.es\/wp-content\/uploads\/2021\/07\/Avantis_logo-1024x333.png 1024w, https:\/\/avantis.edu.es\/wp-content\/uploads\/2021\/07\/Avantis_logo-768x250.png 768w, https:\/\/avantis.edu.es\/wp-content\/uploads\/2021\/07\/Avantis_logo-1536x499.png 1536w, https:\/\/avantis.edu.es\/wp-content\/uploads\/2021\/07\/Avantis_logo.png 1945w\" sizes=\"(max-width: 300px) 100vw, 300px\" \/>\t\t\t\t\t\t\t\t<\/a>\n\t\t\t\t\t\t\t\t\t\t\t\t\t<\/div>\n\t\t\t\t<\/div>\n\t\t\t\t\t<\/div>\n\t\t<\/div>\n\t\t\t\t<div class=\"elementor-column elementor-col-33 elementor-inner-column elementor-element elementor-element-ca342b3\" data-id=\"ca342b3\" data-element_type=\"column\" data-settings=\"{&quot;background_background&quot;:&quot;classic&quot;}\">\n\t\t\t<div class=\"elementor-widget-wrap elementor-element-populated\">\n\t\t\t\t\t\t<div class=\"elementor-element elementor-element-ba0c35f elementor-widget elementor-widget-image\" data-id=\"ba0c35f\" data-element_type=\"widget\" data-widget_type=\"image.default\">\n\t\t\t\t<div class=\"elementor-widget-container\">\n\t\t\t<span id=\"scroll69d4ab4114865\"  class=\"scrollMagicControl\" type=\"hidden\" effect = {} wpmp_enable_desktop=\"yes\" wpmp_enable_tablet=\"yes\" wpmp_enable_mobile=\"yes\" wpmp_trigger_hook=\"0.5\" wpmp_reverse=\"yes\" wpmp_class_CSS =\"custom\" split-text = {} value=\"scrollmagic\"><\/span>\t\t\t\t\t\t\t\t\t\t\t<a href=\"https:\/\/pineda.es\/es\/\">\n\t\t\t\t\t\t\t<img decoding=\"async\" width=\"300\" height=\"111\" src=\"https:\/\/avantis.edu.es\/wp-content\/uploads\/2021\/07\/Recurso-1LOGO-PINEDA-300x111.png\" class=\"attachment-medium size-medium wp-image-1912\" alt=\"\" srcset=\"https:\/\/avantis.edu.es\/wp-content\/uploads\/2021\/07\/Recurso-1LOGO-PINEDA-300x111.png 300w, https:\/\/avantis.edu.es\/wp-content\/uploads\/2021\/07\/Recurso-1LOGO-PINEDA.png 735w\" sizes=\"(max-width: 300px) 100vw, 300px\" \/>\t\t\t\t\t\t\t\t<\/a>\n\t\t\t\t\t\t\t\t\t\t\t\t\t<\/div>\n\t\t\t\t<\/div>\n\t\t\t\t\t<\/div>\n\t\t<\/div>\n\t\t\t\t<div class=\"elementor-column elementor-col-33 elementor-inner-column elementor-element elementor-element-3dc3749\" data-id=\"3dc3749\" data-element_type=\"column\" data-settings=\"{&quot;background_background&quot;:&quot;classic&quot;}\">\n\t\t\t<div class=\"elementor-widget-wrap elementor-element-populated\">\n\t\t\t\t\t\t<div class=\"elementor-element elementor-element-64e74fc elementor-widget elementor-widget-image\" data-id=\"64e74fc\" data-element_type=\"widget\" data-widget_type=\"image.default\">\n\t\t\t\t<div class=\"elementor-widget-container\">\n\t\t\t<span id=\"scroll69d4ab4114f95\"  class=\"scrollMagicControl\" type=\"hidden\" effect = {} wpmp_enable_desktop=\"yes\" wpmp_enable_tablet=\"yes\" wpmp_enable_mobile=\"yes\" wpmp_trigger_hook=\"0.5\" wpmp_reverse=\"yes\" wpmp_class_CSS =\"custom\" split-text = {} value=\"scrollmagic\"><\/span>\t\t\t\t\t\t\t\t\t\t\t<a href=\"https:\/\/www.xaloc.org\/ca\/index.htm\">\n\t\t\t\t\t\t\t<img decoding=\"async\" width=\"300\" height=\"90\" src=\"https:\/\/avantis.edu.es\/wp-content\/uploads\/2021\/07\/Recurso-1LOGO-XALOC-300x90.png\" class=\"attachment-medium size-medium wp-image-1948\" alt=\"\" srcset=\"https:\/\/avantis.edu.es\/wp-content\/uploads\/2021\/07\/Recurso-1LOGO-XALOC-300x90.png 300w, https:\/\/avantis.edu.es\/wp-content\/uploads\/2021\/07\/Recurso-1LOGO-XALOC-1024x309.png 1024w, https:\/\/avantis.edu.es\/wp-content\/uploads\/2021\/07\/Recurso-1LOGO-XALOC-768x232.png 768w, https:\/\/avantis.edu.es\/wp-content\/uploads\/2021\/07\/Recurso-1LOGO-XALOC-1536x463.png 1536w, https:\/\/avantis.edu.es\/wp-content\/uploads\/2021\/07\/Recurso-1LOGO-XALOC-2048x618.png 2048w\" sizes=\"(max-width: 300px) 100vw, 300px\" \/>\t\t\t\t\t\t\t\t<\/a>\n\t\t\t\t\t\t\t\t\t\t\t\t\t<\/div>\n\t\t\t\t<\/div>\n\t\t\t\t\t<\/div>\n\t\t<\/div>\n\t\t\t\t\t<\/div>\n\t\t<\/section>\n\t\t\t\t<div class=\"elementor-element elementor-element-91f39f9 elementor-widget elementor-widget-spacer\" data-id=\"91f39f9\" data-element_type=\"widget\" data-widget_type=\"spacer.default\">\n\t\t\t\t<div class=\"elementor-widget-container\">\n\t\t\t<span id=\"scroll69d4ab41153c5\"  class=\"scrollMagicControl\" type=\"hidden\" effect = {} wpmp_enable_desktop=\"yes\" wpmp_enable_tablet=\"yes\" wpmp_enable_mobile=\"yes\" wpmp_trigger_hook=\"0.5\" wpmp_reverse=\"yes\" wpmp_class_CSS =\"custom\" split-text = {} value=\"scrollmagic\"><\/span>\t\t<div class=\"elementor-spacer\">\n\t\t\t<div class=\"elementor-spacer-inner\"><\/div>\n\t\t<\/div>\n\t\t\t\t<\/div>\n\t\t\t\t<\/div>\n\t\t\t\t\t<\/div>\n\t\t<\/div>\n\t\t\t\t\t<\/div>\n\t\t<\/section>\n\t\t\t\t<\/div>\n\t\t","protected":false},"excerpt":{"rendered":"<p>M\u00daSICA En nuestro compromiso por ofrecer una formaci\u00f3n integral, hemos desarrollado un espacio dedicado a la instrucci\u00f3n musical que enriquece el desarrollo cognitivo y emocional de nuestros estudiantes de I-4 e I-5. Nuestra docente, altamente calificada con formaci\u00f3n en piano y composici\u00f3n, lidera un enfoque pedag\u00f3gico adaptado a las necesidades individuales de cada ni\u00f1o. Este [&hellip;]<\/p>\n","protected":false},"author":2,"featured_media":2381,"parent":0,"menu_order":0,"comment_status":"closed","ping_status":"closed","template":"elementor_header_footer","meta":{"_acf_changed":false,"om_disable_all_campaigns":false,"_monsterinsights_skip_tracking":false,"_monsterinsights_sitenote_active":false,"_monsterinsights_sitenote_note":"","_monsterinsights_sitenote_category":0,"footnotes":""},"class_list":["post-3080","page","type-page","status-publish","has-post-thumbnail","hentry"],"acf":[],"aioseo_notices":[],"yoast_head":"<!-- This site is optimized with the Yoast SEO plugin v23.9 - https:\/\/yoast.com\/wordpress\/plugins\/seo\/ -->\n<title>M\u00fasica - Avantis<\/title>\n<meta name=\"description\" content=\"Hemos desarrollado un espacio dedicado a la m\u00fasica que enriquece el desarrollo cognitivo y emocional de nuestros estudiantes.\" \/>\n<meta name=\"robots\" content=\"index, follow, max-snippet:-1, max-image-preview:large, max-video-preview:-1\" \/>\n<link rel=\"canonical\" href=\"https:\/\/avantis.edu.es\/es\/musica\/\" \/>\n<meta property=\"og:locale\" content=\"es_ES\" \/>\n<meta property=\"og:type\" content=\"article\" \/>\n<meta property=\"og:title\" content=\"M\u00fasica - Avantis\" \/>\n<meta property=\"og:description\" content=\"Hemos desarrollado un espacio dedicado a la m\u00fasica que enriquece el desarrollo cognitivo y emocional de nuestros estudiantes.\" \/>\n<meta property=\"og:url\" content=\"https:\/\/avantis.edu.es\/es\/musica\/\" \/>\n<meta property=\"og:site_name\" content=\"Avantis\" \/>\n<meta property=\"article:modified_time\" content=\"2024-07-05T09:22:01+00:00\" \/>\n<meta property=\"og:image\" content=\"https:\/\/avantis.edu.es\/wp-content\/uploads\/2022\/01\/01-AVANTIS-3771-scaled.jpg\" \/>\n\t<meta property=\"og:image:width\" content=\"2560\" \/>\n\t<meta property=\"og:image:height\" content=\"1707\" \/>\n\t<meta property=\"og:image:type\" content=\"image\/jpeg\" \/>\n<meta name=\"twitter:card\" content=\"summary_large_image\" \/>\n<meta name=\"twitter:label1\" content=\"Tiempo de lectura\" \/>\n\t<meta name=\"twitter:data1\" content=\"2 minutos\" \/>\n<script type=\"application\/ld+json\" class=\"yoast-schema-graph\">{\"@context\":\"https:\/\/schema.org\",\"@graph\":[{\"@type\":\"WebPage\",\"@id\":\"https:\/\/avantis.edu.es\/es\/musica\/\",\"url\":\"https:\/\/avantis.edu.es\/es\/musica\/\",\"name\":\"M\u00fasica - Avantis\",\"isPartOf\":{\"@id\":\"https:\/\/avantis.edu.es\/es\/#website\"},\"primaryImageOfPage\":{\"@id\":\"https:\/\/avantis.edu.es\/es\/musica\/#primaryimage\"},\"image\":{\"@id\":\"https:\/\/avantis.edu.es\/es\/musica\/#primaryimage\"},\"thumbnailUrl\":\"https:\/\/avantis.edu.es\/wp-content\/uploads\/2022\/01\/01-AVANTIS-3771-scaled.jpg\",\"datePublished\":\"2022-01-24T10:54:20+00:00\",\"dateModified\":\"2024-07-05T09:22:01+00:00\",\"description\":\"Hemos desarrollado un espacio dedicado a la m\u00fasica que enriquece el desarrollo cognitivo y emocional de nuestros estudiantes.\",\"breadcrumb\":{\"@id\":\"https:\/\/avantis.edu.es\/es\/musica\/#breadcrumb\"},\"inLanguage\":\"es\",\"potentialAction\":[{\"@type\":\"ReadAction\",\"target\":[\"https:\/\/avantis.edu.es\/es\/musica\/\"]}]},{\"@type\":\"ImageObject\",\"inLanguage\":\"es\",\"@id\":\"https:\/\/avantis.edu.es\/es\/musica\/#primaryimage\",\"url\":\"https:\/\/avantis.edu.es\/wp-content\/uploads\/2022\/01\/01-AVANTIS-3771-scaled.jpg\",\"contentUrl\":\"https:\/\/avantis.edu.es\/wp-content\/uploads\/2022\/01\/01-AVANTIS-3771-scaled.jpg\",\"width\":2560,\"height\":1707,\"caption\":\"m\u00fasica\"},{\"@type\":\"BreadcrumbList\",\"@id\":\"https:\/\/avantis.edu.es\/es\/musica\/#breadcrumb\",\"itemListElement\":[{\"@type\":\"ListItem\",\"position\":1,\"name\":\"Portada\",\"item\":\"https:\/\/avantis.edu.es\/es\/elementor-2263\/\"},{\"@type\":\"ListItem\",\"position\":2,\"name\":\"M\u00fasica\"}]},{\"@type\":\"WebSite\",\"@id\":\"https:\/\/avantis.edu.es\/es\/#website\",\"url\":\"https:\/\/avantis.edu.es\/es\/\",\"name\":\"Avantis\",\"description\":\"ESCOLA CONCERTADA per la Generalitat de Catalunya\",\"publisher\":{\"@id\":\"https:\/\/avantis.edu.es\/es\/#organization\"},\"potentialAction\":[{\"@type\":\"SearchAction\",\"target\":{\"@type\":\"EntryPoint\",\"urlTemplate\":\"https:\/\/avantis.edu.es\/es\/?s={search_term_string}\"},\"query-input\":{\"@type\":\"PropertyValueSpecification\",\"valueRequired\":true,\"valueName\":\"search_term_string\"}}],\"inLanguage\":\"es\"},{\"@type\":\"Organization\",\"@id\":\"https:\/\/avantis.edu.es\/es\/#organization\",\"name\":\"Avantis\",\"url\":\"https:\/\/avantis.edu.es\/es\/\",\"logo\":{\"@type\":\"ImageObject\",\"inLanguage\":\"es\",\"@id\":\"https:\/\/avantis.edu.es\/es\/#\/schema\/logo\/image\/\",\"url\":\"https:\/\/avantis.edu.es\/wp-content\/uploads\/2021\/07\/Recurso-2pago-seguro-1.png\",\"contentUrl\":\"https:\/\/avantis.edu.es\/wp-content\/uploads\/2021\/07\/Recurso-2pago-seguro-1.png\",\"width\":1366,\"height\":404,\"caption\":\"Avantis\"},\"image\":{\"@id\":\"https:\/\/avantis.edu.es\/es\/#\/schema\/logo\/image\/\"}}]}<\/script>\n<!-- \/ Yoast SEO plugin. -->","yoast_head_json":{"title":"M\u00fasica - Avantis","description":"Hemos desarrollado un espacio dedicado a la m\u00fasica que enriquece el desarrollo cognitivo y emocional de nuestros estudiantes.","robots":{"index":"index","follow":"follow","max-snippet":"max-snippet:-1","max-image-preview":"max-image-preview:large","max-video-preview":"max-video-preview:-1"},"canonical":"https:\/\/avantis.edu.es\/es\/musica\/","og_locale":"es_ES","og_type":"article","og_title":"M\u00fasica - Avantis","og_description":"Hemos desarrollado un espacio dedicado a la m\u00fasica que enriquece el desarrollo cognitivo y emocional de nuestros estudiantes.","og_url":"https:\/\/avantis.edu.es\/es\/musica\/","og_site_name":"Avantis","article_modified_time":"2024-07-05T09:22:01+00:00","og_image":[{"width":2560,"height":1707,"url":"https:\/\/avantis.edu.es\/wp-content\/uploads\/2022\/01\/01-AVANTIS-3771-scaled.jpg","type":"image\/jpeg"}],"twitter_card":"summary_large_image","twitter_misc":{"Tiempo de lectura":"2 minutos"},"schema":{"@context":"https:\/\/schema.org","@graph":[{"@type":"WebPage","@id":"https:\/\/avantis.edu.es\/es\/musica\/","url":"https:\/\/avantis.edu.es\/es\/musica\/","name":"M\u00fasica - Avantis","isPartOf":{"@id":"https:\/\/avantis.edu.es\/es\/#website"},"primaryImageOfPage":{"@id":"https:\/\/avantis.edu.es\/es\/musica\/#primaryimage"},"image":{"@id":"https:\/\/avantis.edu.es\/es\/musica\/#primaryimage"},"thumbnailUrl":"https:\/\/avantis.edu.es\/wp-content\/uploads\/2022\/01\/01-AVANTIS-3771-scaled.jpg","datePublished":"2022-01-24T10:54:20+00:00","dateModified":"2024-07-05T09:22:01+00:00","description":"Hemos desarrollado un espacio dedicado a la m\u00fasica que enriquece el desarrollo cognitivo y emocional de nuestros estudiantes.","breadcrumb":{"@id":"https:\/\/avantis.edu.es\/es\/musica\/#breadcrumb"},"inLanguage":"es","potentialAction":[{"@type":"ReadAction","target":["https:\/\/avantis.edu.es\/es\/musica\/"]}]},{"@type":"ImageObject","inLanguage":"es","@id":"https:\/\/avantis.edu.es\/es\/musica\/#primaryimage","url":"https:\/\/avantis.edu.es\/wp-content\/uploads\/2022\/01\/01-AVANTIS-3771-scaled.jpg","contentUrl":"https:\/\/avantis.edu.es\/wp-content\/uploads\/2022\/01\/01-AVANTIS-3771-scaled.jpg","width":2560,"height":1707,"caption":"m\u00fasica"},{"@type":"BreadcrumbList","@id":"https:\/\/avantis.edu.es\/es\/musica\/#breadcrumb","itemListElement":[{"@type":"ListItem","position":1,"name":"Portada","item":"https:\/\/avantis.edu.es\/es\/elementor-2263\/"},{"@type":"ListItem","position":2,"name":"M\u00fasica"}]},{"@type":"WebSite","@id":"https:\/\/avantis.edu.es\/es\/#website","url":"https:\/\/avantis.edu.es\/es\/","name":"Avantis","description":"ESCOLA CONCERTADA per la Generalitat de Catalunya","publisher":{"@id":"https:\/\/avantis.edu.es\/es\/#organization"},"potentialAction":[{"@type":"SearchAction","target":{"@type":"EntryPoint","urlTemplate":"https:\/\/avantis.edu.es\/es\/?s={search_term_string}"},"query-input":{"@type":"PropertyValueSpecification","valueRequired":true,"valueName":"search_term_string"}}],"inLanguage":"es"},{"@type":"Organization","@id":"https:\/\/avantis.edu.es\/es\/#organization","name":"Avantis","url":"https:\/\/avantis.edu.es\/es\/","logo":{"@type":"ImageObject","inLanguage":"es","@id":"https:\/\/avantis.edu.es\/es\/#\/schema\/logo\/image\/","url":"https:\/\/avantis.edu.es\/wp-content\/uploads\/2021\/07\/Recurso-2pago-seguro-1.png","contentUrl":"https:\/\/avantis.edu.es\/wp-content\/uploads\/2021\/07\/Recurso-2pago-seguro-1.png","width":1366,"height":404,"caption":"Avantis"},"image":{"@id":"https:\/\/avantis.edu.es\/es\/#\/schema\/logo\/image\/"}}]}},"_links":{"self":[{"href":"https:\/\/avantis.edu.es\/es\/wp-json\/wp\/v2\/pages\/3080","targetHints":{"allow":["GET"]}}],"collection":[{"href":"https:\/\/avantis.edu.es\/es\/wp-json\/wp\/v2\/pages"}],"about":[{"href":"https:\/\/avantis.edu.es\/es\/wp-json\/wp\/v2\/types\/page"}],"author":[{"embeddable":true,"href":"https:\/\/avantis.edu.es\/es\/wp-json\/wp\/v2\/users\/2"}],"replies":[{"embeddable":true,"href":"https:\/\/avantis.edu.es\/es\/wp-json\/wp\/v2\/comments?post=3080"}],"version-history":[{"count":25,"href":"https:\/\/avantis.edu.es\/es\/wp-json\/wp\/v2\/pages\/3080\/revisions"}],"predecessor-version":[{"id":18073,"href":"https:\/\/avantis.edu.es\/es\/wp-json\/wp\/v2\/pages\/3080\/revisions\/18073"}],"wp:featuredmedia":[{"embeddable":true,"href":"https:\/\/avantis.edu.es\/es\/wp-json\/wp\/v2\/media\/2381"}],"wp:attachment":[{"href":"https:\/\/avantis.edu.es\/es\/wp-json\/wp\/v2\/media?parent=3080"}],"curies":[{"name":"wp","href":"https:\/\/api.w.org\/{rel}","templated":true}]}}