{"id":3106,"date":"2022-01-24T12:07:32","date_gmt":"2022-01-24T12:07:32","guid":{"rendered":"https:\/\/www.niunapalabraanadie.com\/avantis\/puertas-abiertas\/"},"modified":"2026-03-19T12:56:56","modified_gmt":"2026-03-19T11:56:56","slug":"puertas-abiertas","status":"publish","type":"page","link":"https:\/\/avantis.edu.es\/es\/puertas-abiertas\/","title":{"rendered":"Puertas abiertas"},"content":{"rendered":"\t\t<div data-elementor-type=\"wp-page\" data-elementor-id=\"3106\" class=\"elementor elementor-3106 elementor-1387\" data-elementor-post-type=\"page\">\n\t\t\t\t\t\t<section class=\"elementor-section elementor-top-section elementor-element elementor-element-fa41712 elementor-section-full_width elementor-section-height-default elementor-section-height-default\" data-id=\"fa41712\" data-element_type=\"section\">\n\t\t\t\t\t\t<div class=\"elementor-container elementor-column-gap-no\">\n\t\t\t\t\t<div class=\"elementor-column elementor-col-100 elementor-top-column elementor-element elementor-element-6e7f1fd\" data-id=\"6e7f1fd\" data-element_type=\"column\">\n\t\t\t<div class=\"elementor-widget-wrap elementor-element-populated\">\n\t\t\t\t\t\t<div class=\"elementor-element elementor-element-e6be2c3 elementor--h-position-center elementor--v-position-middle elementor-widget elementor-widget-slides\" data-id=\"e6be2c3\" data-element_type=\"widget\" data-settings=\"{&quot;navigation&quot;:&quot;none&quot;,&quot;transition&quot;:&quot;slide&quot;,&quot;transition_speed&quot;:500}\" data-widget_type=\"slides.default\">\n\t\t\t\t<div class=\"elementor-widget-container\">\n\t\t\t<span id=\"scroll69d39af2bebfc\"  class=\"scrollMagicControl\" type=\"hidden\" effect = {} wpmp_enable_desktop=\"yes\" wpmp_enable_tablet=\"yes\" wpmp_enable_mobile=\"yes\" wpmp_trigger_hook=\"0.5\" wpmp_reverse=\"yes\" wpmp_class_CSS =\"custom\" split-text = {} value=\"scrollmagic\"><\/span>\t\t<div class=\"elementor-swiper\">\n\t\t\t<div class=\"elementor-slides-wrapper elementor-main-swiper swiper\" dir=\"ltr\" data-animation=\"\">\n\t\t\t\t<div class=\"swiper-wrapper elementor-slides\">\n\t\t\t\t\t\t\t\t\t\t<div class=\"elementor-repeater-item-8bc8c26 swiper-slide\"><div class=\"swiper-slide-bg\" role=\"img\"><\/div><div class=\"elementor-background-overlay\"><\/div><div class=\"swiper-slide-inner\" ><div class=\"swiper-slide-contents\"><div class=\"elementor-slide-heading\">PUERTAS ABIERTAS<\/div><\/div><\/div><\/div>\t\t\t\t<\/div>\n\t\t\t\t\t\t\t<\/div>\n\t\t<\/div>\n\t\t\t\t<\/div>\n\t\t\t\t<\/div>\n\t\t\t\t\t<\/div>\n\t\t<\/div>\n\t\t\t\t\t<\/div>\n\t\t<\/section>\n\t\t\t\t<section class=\"elementor-section elementor-top-section elementor-element elementor-element-84022e9 elementor-section-boxed elementor-section-height-default elementor-section-height-default\" data-id=\"84022e9\" data-element_type=\"section\">\n\t\t\t\t\t\t<div class=\"elementor-container elementor-column-gap-default\">\n\t\t\t\t\t<div class=\"elementor-column elementor-col-100 elementor-top-column elementor-element elementor-element-3847066\" data-id=\"3847066\" data-element_type=\"column\">\n\t\t\t<div class=\"elementor-widget-wrap elementor-element-populated\">\n\t\t\t\t\t\t<div class=\"elementor-element elementor-element-d077249 elementor-widget elementor-widget-spacer\" data-id=\"d077249\" data-element_type=\"widget\" data-widget_type=\"spacer.default\">\n\t\t\t\t<div class=\"elementor-widget-container\">\n\t\t\t<span id=\"scroll69d39af2bf355\"  class=\"scrollMagicControl\" type=\"hidden\" effect = {} wpmp_enable_desktop=\"yes\" wpmp_enable_tablet=\"yes\" wpmp_enable_mobile=\"yes\" wpmp_trigger_hook=\"0.5\" wpmp_reverse=\"yes\" wpmp_class_CSS =\"custom\" split-text = {} value=\"scrollmagic\"><\/span>\t\t<div class=\"elementor-spacer\">\n\t\t\t<div class=\"elementor-spacer-inner\"><\/div>\n\t\t<\/div>\n\t\t\t\t<\/div>\n\t\t\t\t<\/div>\n\t\t\t\t\t<\/div>\n\t\t<\/div>\n\t\t\t\t\t<\/div>\n\t\t<\/section>\n\t\t\t\t<section class=\"elementor-section elementor-top-section elementor-element elementor-element-82154c6 elementor-section-boxed elementor-section-height-default elementor-section-height-default\" data-id=\"82154c6\" data-element_type=\"section\">\n\t\t\t\t\t\t<div class=\"elementor-container elementor-column-gap-default\">\n\t\t\t\t\t<div class=\"elementor-column elementor-col-100 elementor-top-column elementor-element elementor-element-53e8754\" data-id=\"53e8754\" data-element_type=\"column\">\n\t\t\t<div class=\"elementor-widget-wrap elementor-element-populated\">\n\t\t\t\t\t\t<div class=\"elementor-element elementor-element-88d0daa elementor-widget elementor-widget-heading\" data-id=\"88d0daa\" data-element_type=\"widget\" data-widget_type=\"heading.default\">\n\t\t\t\t<div class=\"elementor-widget-container\">\n\t\t\t<span id=\"scroll69d39af2bfd4e\"  class=\"scrollMagicControl\" type=\"hidden\" effect = {} wpmp_enable_desktop=\"yes\" wpmp_enable_tablet=\"yes\" wpmp_enable_mobile=\"yes\" wpmp_trigger_hook=\"0.5\" wpmp_reverse=\"yes\" wpmp_class_CSS =\"custom\" split-text = {} value=\"scrollmagic\"><\/span><h1 class=\"elementor-heading-title elementor-size-default\">Ven a visitarnos<\/h1>\t\t<\/div>\n\t\t\t\t<\/div>\n\t\t\t\t<div class=\"elementor-element elementor-element-932efc9 elementor-widget elementor-widget-text-editor\" data-id=\"932efc9\" data-element_type=\"widget\" data-widget_type=\"text-editor.default\">\n\t\t\t\t<div class=\"elementor-widget-container\">\n\t\t\t<span id=\"scroll69d39af2c095e\"  class=\"scrollMagicControl\" type=\"hidden\" effect = {} wpmp_enable_desktop=\"yes\" wpmp_enable_tablet=\"yes\" wpmp_enable_mobile=\"yes\" wpmp_trigger_hook=\"0.5\" wpmp_reverse=\"yes\" wpmp_class_CSS =\"custom\" split-text = {} value=\"scrollmagic\"><\/span>\t\t\t\t<div><span style=\"color: #000000;\">Para conocer Avantis, es importante que pod\u00e1is visitarla f\u00edsicamente. Por eso hemos organizado diversas Jornadas de Puertas Abiertas en grupos reducidos.<\/span><\/div>\n\t\t\t\t\t\t<\/div>\n\t\t\t\t<\/div>\n\t\t\t\t<div class=\"elementor-element elementor-element-b73834b elementor-widget elementor-widget-heading\" data-id=\"b73834b\" data-element_type=\"widget\" data-widget_type=\"heading.default\">\n\t\t\t\t<div class=\"elementor-widget-container\">\n\t\t\t<span id=\"scroll69d39af2c1a00\"  class=\"scrollMagicControl\" type=\"hidden\" effect = {} wpmp_enable_desktop=\"yes\" wpmp_enable_tablet=\"yes\" wpmp_enable_mobile=\"yes\" wpmp_trigger_hook=\"0.5\" wpmp_reverse=\"yes\" wpmp_class_CSS =\"custom\" split-text = {} value=\"scrollmagic\"><\/span><h2 class=\"elementor-heading-title elementor-size-default\">Fechas de las Jornadas<\/h2>\t\t<\/div>\n\t\t\t\t<\/div>\n\t\t\t\t<div class=\"elementor-element elementor-element-b6bb7e0 elementor-widget elementor-widget-text-editor\" data-id=\"b6bb7e0\" data-element_type=\"widget\" data-widget_type=\"text-editor.default\">\n\t\t\t\t<div class=\"elementor-widget-container\">\n\t\t\t<span id=\"scroll69d39af2c1fde\"  class=\"scrollMagicControl\" type=\"hidden\" effect = {} wpmp_enable_desktop=\"yes\" wpmp_enable_tablet=\"yes\" wpmp_enable_mobile=\"yes\" wpmp_trigger_hook=\"0.5\" wpmp_reverse=\"yes\" wpmp_class_CSS =\"custom\" split-text = {} value=\"scrollmagic\"><\/span>\t\t\t\t<p><span style=\"color: #000000;\"><strong>Jornadas de Puertas Abiertas:<\/strong><\/span><\/p>\n<ul>\n<li>10 de abril \/ Viernes<\/li>\n<li>13 de mayo \/ Mi\u00e9rcoles<\/li>\n<li>11 de junio \/ Mi\u00e9rcoles<\/li>\n<\/ul>\n\t\t\t\t\t\t<\/div>\n\t\t\t\t<\/div>\n\t\t\t\t<div class=\"elementor-element elementor-element-438086f elementor-align-left elementor-mobile-align-center elementor-widget elementor-widget-button\" data-id=\"438086f\" data-element_type=\"widget\" data-widget_type=\"button.default\">\n\t\t\t\t<div class=\"elementor-widget-container\">\n\t\t\t<span id=\"scroll69d39af2c2b3e\"  class=\"scrollMagicControl\" type=\"hidden\" effect = {} wpmp_enable_desktop=\"yes\" wpmp_enable_tablet=\"yes\" wpmp_enable_mobile=\"yes\" wpmp_trigger_hook=\"0.5\" wpmp_reverse=\"yes\" wpmp_class_CSS =\"custom\" split-text = {} value=\"scrollmagic\"><\/span>\t\t\t\t<div class=\"elementor-button-wrapper\">\n\t\t\t\t\t<a class=\"elementor-button elementor-button-link elementor-size-sm\" href=\"https:\/\/avantis.edu.es\/es\/inscripcion-jornada-de-puertas-abiertas\/\" target=\"_blank\">\n\t\t\t\t\t\t<span class=\"elementor-button-content-wrapper\">\n\t\t\t\t\t\t\t\t\t<span class=\"elementor-button-text\">INSCR\u00cdBETE AQU\u00cd<\/span>\n\t\t\t\t\t<\/span>\n\t\t\t\t\t<\/a>\n\t\t\t\t<\/div>\n\t\t\t\t\t\t<\/div>\n\t\t\t\t<\/div>\n\t\t\t\t<div class=\"elementor-element elementor-element-7806933 elementor-widget elementor-widget-text-editor\" data-id=\"7806933\" data-element_type=\"widget\" data-widget_type=\"text-editor.default\">\n\t\t\t\t<div class=\"elementor-widget-container\">\n\t\t\t<span id=\"scroll69d39af2c2ee6\"  class=\"scrollMagicControl\" type=\"hidden\" effect = {} wpmp_enable_desktop=\"yes\" wpmp_enable_tablet=\"yes\" wpmp_enable_mobile=\"yes\" wpmp_trigger_hook=\"0.5\" wpmp_reverse=\"yes\" wpmp_class_CSS =\"custom\" split-text = {} value=\"scrollmagic\"><\/span>\t\t\t\t<div>\n<p><strong>VISITA PERSONALIZADA<\/strong><\/p>\n<\/div>\n<div>\n<div>\n<div>\n<div>\n<p>Si no puedes asistir a las Jornadas de Puertas Abiertas, te ofrecemos la opci\u00f3n de solicitar una sesi\u00f3n informativa personalizada con Carmina Sampere a trav\u00e9s del correo <span style=\"color: #0093db;\"><strong><a style=\"color: #0093db;\" href=\"mailto:c.sampere@avantis.edu.es\">c.sampere@avantis.edu.es<\/a><\/strong>.<\/span><\/p>\n<\/div>\n<\/div>\n<\/div>\n<\/div>\n\t\t\t\t\t\t<\/div>\n\t\t\t\t<\/div>\n\t\t\t\t\t<\/div>\n\t\t<\/div>\n\t\t\t\t\t<\/div>\n\t\t<\/section>\n\t\t\t\t<section class=\"elementor-section elementor-top-section elementor-element elementor-element-851ce18 elementor-section-full_width elementor-section-height-default elementor-section-height-default\" data-id=\"851ce18\" data-element_type=\"section\">\n\t\t\t\t\t\t<div class=\"elementor-container elementor-column-gap-default\">\n\t\t\t\t\t<div class=\"elementor-column elementor-col-100 elementor-top-column elementor-element elementor-element-c40f024\" data-id=\"c40f024\" data-element_type=\"column\">\n\t\t\t<div class=\"elementor-widget-wrap elementor-element-populated\">\n\t\t\t\t\t\t<section class=\"elementor-section elementor-inner-section elementor-element elementor-element-9bd0176 elementor-section-content-middle elementor-section-boxed elementor-section-height-default elementor-section-height-default\" data-id=\"9bd0176\" data-element_type=\"section\">\n\t\t\t\t\t\t<div class=\"elementor-container elementor-column-gap-default\">\n\t\t\t\t\t<div class=\"elementor-column elementor-col-33 elementor-inner-column elementor-element elementor-element-ae4fd9b\" data-id=\"ae4fd9b\" data-element_type=\"column\" data-settings=\"{&quot;background_background&quot;:&quot;classic&quot;}\">\n\t\t\t<div class=\"elementor-widget-wrap elementor-element-populated\">\n\t\t\t\t\t\t<div class=\"elementor-element elementor-element-aa85d73 elementor-widget elementor-widget-image\" data-id=\"aa85d73\" data-element_type=\"widget\" data-widget_type=\"image.default\">\n\t\t\t\t<div class=\"elementor-widget-container\">\n\t\t\t<span id=\"scroll69d39af2c4365\"  class=\"scrollMagicControl\" type=\"hidden\" effect = {} wpmp_enable_desktop=\"yes\" wpmp_enable_tablet=\"yes\" wpmp_enable_mobile=\"yes\" wpmp_trigger_hook=\"0.5\" wpmp_reverse=\"yes\" wpmp_class_CSS =\"custom\" split-text = {} value=\"scrollmagic\"><\/span>\t\t\t\t\t\t\t\t\t\t\t<a href=\"https:\/\/www.avantis.edu.es\/es\/\">\n\t\t\t\t\t\t\t<img decoding=\"async\" width=\"300\" height=\"97\" src=\"https:\/\/avantis.edu.es\/wp-content\/uploads\/2021\/07\/Avantis_logo-300x97.png\" class=\"attachment-medium size-medium wp-image-1982\" alt=\"Logo Avantis\" srcset=\"https:\/\/avantis.edu.es\/wp-content\/uploads\/2021\/07\/Avantis_logo-300x97.png 300w, https:\/\/avantis.edu.es\/wp-content\/uploads\/2021\/07\/Avantis_logo-1024x333.png 1024w, https:\/\/avantis.edu.es\/wp-content\/uploads\/2021\/07\/Avantis_logo-768x250.png 768w, https:\/\/avantis.edu.es\/wp-content\/uploads\/2021\/07\/Avantis_logo-1536x499.png 1536w, https:\/\/avantis.edu.es\/wp-content\/uploads\/2021\/07\/Avantis_logo.png 1945w\" sizes=\"(max-width: 300px) 100vw, 300px\" \/>\t\t\t\t\t\t\t\t<\/a>\n\t\t\t\t\t\t\t\t\t\t\t\t\t<\/div>\n\t\t\t\t<\/div>\n\t\t\t\t\t<\/div>\n\t\t<\/div>\n\t\t\t\t<div class=\"elementor-column elementor-col-33 elementor-inner-column elementor-element elementor-element-e4a4bbc\" data-id=\"e4a4bbc\" data-element_type=\"column\" data-settings=\"{&quot;background_background&quot;:&quot;classic&quot;}\">\n\t\t\t<div class=\"elementor-widget-wrap elementor-element-populated\">\n\t\t\t\t\t\t<div class=\"elementor-element elementor-element-f7659d7 elementor-widget elementor-widget-image\" data-id=\"f7659d7\" data-element_type=\"widget\" data-widget_type=\"image.default\">\n\t\t\t\t<div class=\"elementor-widget-container\">\n\t\t\t<span id=\"scroll69d39af2c4b99\"  class=\"scrollMagicControl\" type=\"hidden\" effect = {} wpmp_enable_desktop=\"yes\" wpmp_enable_tablet=\"yes\" wpmp_enable_mobile=\"yes\" wpmp_trigger_hook=\"0.5\" wpmp_reverse=\"yes\" wpmp_class_CSS =\"custom\" split-text = {} value=\"scrollmagic\"><\/span>\t\t\t\t\t\t\t\t\t\t\t<a href=\"https:\/\/pineda.es\/es\/\">\n\t\t\t\t\t\t\t<img decoding=\"async\" width=\"300\" height=\"111\" src=\"https:\/\/avantis.edu.es\/wp-content\/uploads\/2021\/07\/Recurso-1LOGO-PINEDA-300x111.png\" class=\"attachment-medium size-medium wp-image-1912\" alt=\"\" srcset=\"https:\/\/avantis.edu.es\/wp-content\/uploads\/2021\/07\/Recurso-1LOGO-PINEDA-300x111.png 300w, https:\/\/avantis.edu.es\/wp-content\/uploads\/2021\/07\/Recurso-1LOGO-PINEDA.png 735w\" sizes=\"(max-width: 300px) 100vw, 300px\" \/>\t\t\t\t\t\t\t\t<\/a>\n\t\t\t\t\t\t\t\t\t\t\t\t\t<\/div>\n\t\t\t\t<\/div>\n\t\t\t\t\t<\/div>\n\t\t<\/div>\n\t\t\t\t<div class=\"elementor-column elementor-col-33 elementor-inner-column elementor-element elementor-element-47f8a6a\" data-id=\"47f8a6a\" data-element_type=\"column\" data-settings=\"{&quot;background_background&quot;:&quot;classic&quot;}\">\n\t\t\t<div class=\"elementor-widget-wrap elementor-element-populated\">\n\t\t\t\t\t\t<div class=\"elementor-element elementor-element-1f28c95 elementor-widget elementor-widget-image\" data-id=\"1f28c95\" data-element_type=\"widget\" data-widget_type=\"image.default\">\n\t\t\t\t<div class=\"elementor-widget-container\">\n\t\t\t<span id=\"scroll69d39af2c53ae\"  class=\"scrollMagicControl\" type=\"hidden\" effect = {} wpmp_enable_desktop=\"yes\" wpmp_enable_tablet=\"yes\" wpmp_enable_mobile=\"yes\" wpmp_trigger_hook=\"0.5\" wpmp_reverse=\"yes\" wpmp_class_CSS =\"custom\" split-text = {} value=\"scrollmagic\"><\/span>\t\t\t\t\t\t\t\t\t\t\t<a href=\"https:\/\/www.xaloc.org\/es\/index.htm\">\n\t\t\t\t\t\t\t<img decoding=\"async\" width=\"300\" height=\"90\" src=\"https:\/\/avantis.edu.es\/wp-content\/uploads\/2021\/07\/Recurso-1LOGO-XALOC-300x90.png\" class=\"attachment-medium size-medium wp-image-1948\" alt=\"\" srcset=\"https:\/\/avantis.edu.es\/wp-content\/uploads\/2021\/07\/Recurso-1LOGO-XALOC-300x90.png 300w, https:\/\/avantis.edu.es\/wp-content\/uploads\/2021\/07\/Recurso-1LOGO-XALOC-1024x309.png 1024w, https:\/\/avantis.edu.es\/wp-content\/uploads\/2021\/07\/Recurso-1LOGO-XALOC-768x232.png 768w, https:\/\/avantis.edu.es\/wp-content\/uploads\/2021\/07\/Recurso-1LOGO-XALOC-1536x463.png 1536w, https:\/\/avantis.edu.es\/wp-content\/uploads\/2021\/07\/Recurso-1LOGO-XALOC-2048x618.png 2048w\" sizes=\"(max-width: 300px) 100vw, 300px\" \/>\t\t\t\t\t\t\t\t<\/a>\n\t\t\t\t\t\t\t\t\t\t\t\t\t<\/div>\n\t\t\t\t<\/div>\n\t\t\t\t\t<\/div>\n\t\t<\/div>\n\t\t\t\t\t<\/div>\n\t\t<\/section>\n\t\t\t\t<div class=\"elementor-element elementor-element-91f39f9 elementor-widget elementor-widget-spacer\" data-id=\"91f39f9\" data-element_type=\"widget\" data-widget_type=\"spacer.default\">\n\t\t\t\t<div class=\"elementor-widget-container\">\n\t\t\t<span id=\"scroll69d39af2c5772\"  class=\"scrollMagicControl\" type=\"hidden\" effect = {} wpmp_enable_desktop=\"yes\" wpmp_enable_tablet=\"yes\" wpmp_enable_mobile=\"yes\" wpmp_trigger_hook=\"0.5\" wpmp_reverse=\"yes\" wpmp_class_CSS =\"custom\" split-text = {} value=\"scrollmagic\"><\/span>\t\t<div class=\"elementor-spacer\">\n\t\t\t<div class=\"elementor-spacer-inner\"><\/div>\n\t\t<\/div>\n\t\t\t\t<\/div>\n\t\t\t\t<\/div>\n\t\t\t\t\t<\/div>\n\t\t<\/div>\n\t\t\t\t\t<\/div>\n\t\t<\/section>\n\t\t\t\t<\/div>\n\t\t","protected":false},"excerpt":{"rendered":"<p>PUERTAS ABIERTAS Ven a visitarnos Para conocer Avantis, es importante que pod\u00e1is visitarla f\u00edsicamente. Por eso hemos organizado diversas Jornadas de Puertas Abiertas en grupos reducidos. Fechas de las Jornadas Jornadas de Puertas Abiertas: 10 de abril \/ Viernes 13 de mayo \/ Mi\u00e9rcoles 11 de junio \/ Mi\u00e9rcoles INSCR\u00cdBETE AQU\u00cd VISITA PERSONALIZADA Si no [&hellip;]<\/p>\n","protected":false},"author":2,"featured_media":2129,"parent":0,"menu_order":0,"comment_status":"closed","ping_status":"closed","template":"elementor_header_footer","meta":{"_acf_changed":false,"om_disable_all_campaigns":false,"_monsterinsights_skip_tracking":false,"_monsterinsights_sitenote_active":false,"_monsterinsights_sitenote_note":"","_monsterinsights_sitenote_category":0,"footnotes":""},"class_list":["post-3106","page","type-page","status-publish","has-post-thumbnail","hentry"],"acf":[],"aioseo_notices":[],"yoast_head":"<!-- This site is optimized with the Yoast SEO plugin v23.9 - https:\/\/yoast.com\/wordpress\/plugins\/seo\/ -->\n<title>Puertas abiertas - Avantis<\/title>\n<meta name=\"description\" content=\"Avantis hemos organizado Jornadas de Puertas Abiertas en grupos reducidos porque sabemos que es importante que pod\u00e1is visitar nuestro colegio.\" \/>\n<meta name=\"robots\" content=\"index, follow, max-snippet:-1, max-image-preview:large, max-video-preview:-1\" \/>\n<link rel=\"canonical\" href=\"https:\/\/avantis.edu.es\/es\/puertas-abiertas\/\" \/>\n<meta property=\"og:locale\" content=\"es_ES\" \/>\n<meta property=\"og:type\" content=\"article\" \/>\n<meta property=\"og:title\" content=\"Puertas abiertas - Avantis\" \/>\n<meta property=\"og:description\" content=\"Avantis hemos organizado Jornadas de Puertas Abiertas en grupos reducidos porque sabemos que es importante que pod\u00e1is visitar nuestro colegio.\" \/>\n<meta property=\"og:url\" content=\"https:\/\/avantis.edu.es\/es\/puertas-abiertas\/\" \/>\n<meta property=\"og:site_name\" content=\"Avantis\" \/>\n<meta property=\"article:modified_time\" content=\"2026-03-19T11:56:56+00:00\" \/>\n<meta property=\"og:image\" content=\"https:\/\/avantis.edu.es\/wp-content\/uploads\/2021\/07\/AV15-8860.jpg\" \/>\n\t<meta property=\"og:image:width\" content=\"1650\" \/>\n\t<meta property=\"og:image:height\" content=\"1100\" \/>\n\t<meta property=\"og:image:type\" content=\"image\/jpeg\" \/>\n<meta name=\"twitter:card\" content=\"summary_large_image\" \/>\n<meta name=\"twitter:label1\" content=\"Tiempo de lectura\" \/>\n\t<meta name=\"twitter:data1\" content=\"2 minutos\" \/>\n<script type=\"application\/ld+json\" class=\"yoast-schema-graph\">{\"@context\":\"https:\/\/schema.org\",\"@graph\":[{\"@type\":\"WebPage\",\"@id\":\"https:\/\/avantis.edu.es\/es\/puertas-abiertas\/\",\"url\":\"https:\/\/avantis.edu.es\/es\/puertas-abiertas\/\",\"name\":\"Puertas abiertas - Avantis\",\"isPartOf\":{\"@id\":\"https:\/\/avantis.edu.es\/es\/#website\"},\"primaryImageOfPage\":{\"@id\":\"https:\/\/avantis.edu.es\/es\/puertas-abiertas\/#primaryimage\"},\"image\":{\"@id\":\"https:\/\/avantis.edu.es\/es\/puertas-abiertas\/#primaryimage\"},\"thumbnailUrl\":\"https:\/\/avantis.edu.es\/wp-content\/uploads\/2021\/07\/AV15-8860.jpg\",\"datePublished\":\"2022-01-24T12:07:32+00:00\",\"dateModified\":\"2026-03-19T11:56:56+00:00\",\"description\":\"Avantis hemos organizado Jornadas de Puertas Abiertas en grupos reducidos porque sabemos que es importante que pod\u00e1is visitar nuestro colegio.\",\"breadcrumb\":{\"@id\":\"https:\/\/avantis.edu.es\/es\/puertas-abiertas\/#breadcrumb\"},\"inLanguage\":\"es\",\"potentialAction\":[{\"@type\":\"ReadAction\",\"target\":[\"https:\/\/avantis.edu.es\/es\/puertas-abiertas\/\"]}]},{\"@type\":\"ImageObject\",\"inLanguage\":\"es\",\"@id\":\"https:\/\/avantis.edu.es\/es\/puertas-abiertas\/#primaryimage\",\"url\":\"https:\/\/avantis.edu.es\/wp-content\/uploads\/2021\/07\/AV15-8860.jpg\",\"contentUrl\":\"https:\/\/avantis.edu.es\/wp-content\/uploads\/2021\/07\/AV15-8860.jpg\",\"width\":1650,\"height\":1100,\"caption\":\"portes obertes\"},{\"@type\":\"BreadcrumbList\",\"@id\":\"https:\/\/avantis.edu.es\/es\/puertas-abiertas\/#breadcrumb\",\"itemListElement\":[{\"@type\":\"ListItem\",\"position\":1,\"name\":\"Portada\",\"item\":\"https:\/\/avantis.edu.es\/es\/elementor-2263\/\"},{\"@type\":\"ListItem\",\"position\":2,\"name\":\"Puertas abiertas\"}]},{\"@type\":\"WebSite\",\"@id\":\"https:\/\/avantis.edu.es\/es\/#website\",\"url\":\"https:\/\/avantis.edu.es\/es\/\",\"name\":\"Avantis\",\"description\":\"ESCOLA CONCERTADA per la Generalitat de Catalunya\",\"publisher\":{\"@id\":\"https:\/\/avantis.edu.es\/es\/#organization\"},\"potentialAction\":[{\"@type\":\"SearchAction\",\"target\":{\"@type\":\"EntryPoint\",\"urlTemplate\":\"https:\/\/avantis.edu.es\/es\/?s={search_term_string}\"},\"query-input\":{\"@type\":\"PropertyValueSpecification\",\"valueRequired\":true,\"valueName\":\"search_term_string\"}}],\"inLanguage\":\"es\"},{\"@type\":\"Organization\",\"@id\":\"https:\/\/avantis.edu.es\/es\/#organization\",\"name\":\"Avantis\",\"url\":\"https:\/\/avantis.edu.es\/es\/\",\"logo\":{\"@type\":\"ImageObject\",\"inLanguage\":\"es\",\"@id\":\"https:\/\/avantis.edu.es\/es\/#\/schema\/logo\/image\/\",\"url\":\"https:\/\/avantis.edu.es\/wp-content\/uploads\/2021\/07\/Recurso-2pago-seguro-1.png\",\"contentUrl\":\"https:\/\/avantis.edu.es\/wp-content\/uploads\/2021\/07\/Recurso-2pago-seguro-1.png\",\"width\":1366,\"height\":404,\"caption\":\"Avantis\"},\"image\":{\"@id\":\"https:\/\/avantis.edu.es\/es\/#\/schema\/logo\/image\/\"}}]}<\/script>\n<!-- \/ Yoast SEO plugin. -->","yoast_head_json":{"title":"Puertas abiertas - Avantis","description":"Avantis hemos organizado Jornadas de Puertas Abiertas en grupos reducidos porque sabemos que es importante que pod\u00e1is visitar nuestro colegio.","robots":{"index":"index","follow":"follow","max-snippet":"max-snippet:-1","max-image-preview":"max-image-preview:large","max-video-preview":"max-video-preview:-1"},"canonical":"https:\/\/avantis.edu.es\/es\/puertas-abiertas\/","og_locale":"es_ES","og_type":"article","og_title":"Puertas abiertas - Avantis","og_description":"Avantis hemos organizado Jornadas de Puertas Abiertas en grupos reducidos porque sabemos que es importante que pod\u00e1is visitar nuestro colegio.","og_url":"https:\/\/avantis.edu.es\/es\/puertas-abiertas\/","og_site_name":"Avantis","article_modified_time":"2026-03-19T11:56:56+00:00","og_image":[{"width":1650,"height":1100,"url":"https:\/\/avantis.edu.es\/wp-content\/uploads\/2021\/07\/AV15-8860.jpg","type":"image\/jpeg"}],"twitter_card":"summary_large_image","twitter_misc":{"Tiempo de lectura":"2 minutos"},"schema":{"@context":"https:\/\/schema.org","@graph":[{"@type":"WebPage","@id":"https:\/\/avantis.edu.es\/es\/puertas-abiertas\/","url":"https:\/\/avantis.edu.es\/es\/puertas-abiertas\/","name":"Puertas abiertas - Avantis","isPartOf":{"@id":"https:\/\/avantis.edu.es\/es\/#website"},"primaryImageOfPage":{"@id":"https:\/\/avantis.edu.es\/es\/puertas-abiertas\/#primaryimage"},"image":{"@id":"https:\/\/avantis.edu.es\/es\/puertas-abiertas\/#primaryimage"},"thumbnailUrl":"https:\/\/avantis.edu.es\/wp-content\/uploads\/2021\/07\/AV15-8860.jpg","datePublished":"2022-01-24T12:07:32+00:00","dateModified":"2026-03-19T11:56:56+00:00","description":"Avantis hemos organizado Jornadas de Puertas Abiertas en grupos reducidos porque sabemos que es importante que pod\u00e1is visitar nuestro colegio.","breadcrumb":{"@id":"https:\/\/avantis.edu.es\/es\/puertas-abiertas\/#breadcrumb"},"inLanguage":"es","potentialAction":[{"@type":"ReadAction","target":["https:\/\/avantis.edu.es\/es\/puertas-abiertas\/"]}]},{"@type":"ImageObject","inLanguage":"es","@id":"https:\/\/avantis.edu.es\/es\/puertas-abiertas\/#primaryimage","url":"https:\/\/avantis.edu.es\/wp-content\/uploads\/2021\/07\/AV15-8860.jpg","contentUrl":"https:\/\/avantis.edu.es\/wp-content\/uploads\/2021\/07\/AV15-8860.jpg","width":1650,"height":1100,"caption":"portes obertes"},{"@type":"BreadcrumbList","@id":"https:\/\/avantis.edu.es\/es\/puertas-abiertas\/#breadcrumb","itemListElement":[{"@type":"ListItem","position":1,"name":"Portada","item":"https:\/\/avantis.edu.es\/es\/elementor-2263\/"},{"@type":"ListItem","position":2,"name":"Puertas abiertas"}]},{"@type":"WebSite","@id":"https:\/\/avantis.edu.es\/es\/#website","url":"https:\/\/avantis.edu.es\/es\/","name":"Avantis","description":"ESCOLA CONCERTADA per la Generalitat de Catalunya","publisher":{"@id":"https:\/\/avantis.edu.es\/es\/#organization"},"potentialAction":[{"@type":"SearchAction","target":{"@type":"EntryPoint","urlTemplate":"https:\/\/avantis.edu.es\/es\/?s={search_term_string}"},"query-input":{"@type":"PropertyValueSpecification","valueRequired":true,"valueName":"search_term_string"}}],"inLanguage":"es"},{"@type":"Organization","@id":"https:\/\/avantis.edu.es\/es\/#organization","name":"Avantis","url":"https:\/\/avantis.edu.es\/es\/","logo":{"@type":"ImageObject","inLanguage":"es","@id":"https:\/\/avantis.edu.es\/es\/#\/schema\/logo\/image\/","url":"https:\/\/avantis.edu.es\/wp-content\/uploads\/2021\/07\/Recurso-2pago-seguro-1.png","contentUrl":"https:\/\/avantis.edu.es\/wp-content\/uploads\/2021\/07\/Recurso-2pago-seguro-1.png","width":1366,"height":404,"caption":"Avantis"},"image":{"@id":"https:\/\/avantis.edu.es\/es\/#\/schema\/logo\/image\/"}}]}},"_links":{"self":[{"href":"https:\/\/avantis.edu.es\/es\/wp-json\/wp\/v2\/pages\/3106","targetHints":{"allow":["GET"]}}],"collection":[{"href":"https:\/\/avantis.edu.es\/es\/wp-json\/wp\/v2\/pages"}],"about":[{"href":"https:\/\/avantis.edu.es\/es\/wp-json\/wp\/v2\/types\/page"}],"author":[{"embeddable":true,"href":"https:\/\/avantis.edu.es\/es\/wp-json\/wp\/v2\/users\/2"}],"replies":[{"embeddable":true,"href":"https:\/\/avantis.edu.es\/es\/wp-json\/wp\/v2\/comments?post=3106"}],"version-history":[{"count":122,"href":"https:\/\/avantis.edu.es\/es\/wp-json\/wp\/v2\/pages\/3106\/revisions"}],"predecessor-version":[{"id":21949,"href":"https:\/\/avantis.edu.es\/es\/wp-json\/wp\/v2\/pages\/3106\/revisions\/21949"}],"wp:featuredmedia":[{"embeddable":true,"href":"https:\/\/avantis.edu.es\/es\/wp-json\/wp\/v2\/media\/2129"}],"wp:attachment":[{"href":"https:\/\/avantis.edu.es\/es\/wp-json\/wp\/v2\/media?parent=3106"}],"curies":[{"name":"wp","href":"https:\/\/api.w.org\/{rel}","templated":true}]}}